{"id":10624,"date":"2025-03-13T20:18:06","date_gmt":"2025-03-13T20:18:06","guid":{"rendered":"https:\/\/chapala.gob.mx\/website\/?page_id=10624"},"modified":"2025-09-10T21:50:32","modified_gmt":"2025-09-10T21:50:32","slug":"regidores","status":"publish","type":"page","link":"https:\/\/chapala.gob.mx\/website\/index.php\/regidores\/","title":{"rendered":"Regidores"},"content":{"rendered":"\n<h2 class=\"wp-block-heading\"><\/h2>\n\n\n\n<div class=\"wp-block-media-text is-stacked-on-mobile is-vertically-aligned-top\" style=\"grid-template-columns:25% auto\"><figure class=\"wp-block-media-text__media\"><img loading=\"lazy\" decoding=\"async\" width=\"908\" height=\"1024\" src=\"https:\/\/chapala.gob.mx\/website\/wp-content\/uploads\/2025\/09\/IMG_9023-1-908x1024.jpg\" alt=\"\" class=\"wp-image-10858 size-full\" srcset=\"https:\/\/chapala.gob.mx\/website\/wp-content\/uploads\/2025\/09\/IMG_9023-1-908x1024.jpg 908w, https:\/\/chapala.gob.mx\/website\/wp-content\/uploads\/2025\/09\/IMG_9023-1-266x300.jpg 266w, https:\/\/chapala.gob.mx\/website\/wp-content\/uploads\/2025\/09\/IMG_9023-1-768x866.jpg 768w, https:\/\/chapala.gob.mx\/website\/wp-content\/uploads\/2025\/09\/IMG_9023-1-1362x1536.jpg 1362w, https:\/\/chapala.gob.mx\/website\/wp-content\/uploads\/2025\/09\/IMG_9023-1-1816x2048.jpg 1816w\" sizes=\"auto, (max-width: 908px) 100vw, 908px\" \/><\/figure><div class=\"wp-block-media-text__content\">\n<p style=\"font-size:20px\"><strong>REGIDORA<\/strong> : <strong>LIC. MAR\u00cdA EUGENIA OCHOA REAL<\/strong><\/p>\n\n\n\n<p><\/p>\n\n\n\n<p>VII. DESARROLLO SOCIAL Y HUMANO<\/p>\n\n\n\n<p>XI. EDUCACI\u00d3N<\/p>\n<\/div><\/div>\n\n\n\n<p><\/p>\n\n\n\n<div class=\"wp-block-media-text is-stacked-on-mobile is-vertically-aligned-top\" style=\"grid-template-columns:25% auto\"><figure class=\"wp-block-media-text__media\"><img loading=\"lazy\" decoding=\"async\" width=\"1024\" height=\"972\" src=\"https:\/\/chapala.gob.mx\/website\/wp-content\/uploads\/2025\/09\/IMG_0804-1024x972.jpg\" alt=\"\" class=\"wp-image-10838 size-full\" srcset=\"https:\/\/chapala.gob.mx\/website\/wp-content\/uploads\/2025\/09\/IMG_0804-1024x972.jpg 1024w, https:\/\/chapala.gob.mx\/website\/wp-content\/uploads\/2025\/09\/IMG_0804-300x285.jpg 300w, https:\/\/chapala.gob.mx\/website\/wp-content\/uploads\/2025\/09\/IMG_0804-768x729.jpg 768w, https:\/\/chapala.gob.mx\/website\/wp-content\/uploads\/2025\/09\/IMG_0804-1536x1458.jpg 1536w, https:\/\/chapala.gob.mx\/website\/wp-content\/uploads\/2025\/09\/IMG_0804-2048x1944.jpg 2048w\" sizes=\"auto, (max-width: 1024px) 100vw, 1024px\" \/><\/figure><div class=\"wp-block-media-text__content\">\n<p style=\"font-size:20px\"><strong>REGIDORA<\/strong> : <strong>LIC. ANDREA PATRICIA M\u00c1RQUEZ PINEDA<\/strong><\/p>\n\n\n\n<p><\/p>\n\n\n\n<p>XVII. JUVENTUD Y DEPORTES<\/p>\n\n\n\n<p>XX. TRANSPARENCIA Y ACCESO A LA INFORMACI\u00d3N P\u00daBLICA<\/p>\n<\/div><\/div>\n\n\n\n<p><\/p>\n\n\n\n<div class=\"wp-block-media-text is-stacked-on-mobile is-vertically-aligned-top\" style=\"grid-template-columns:25% auto\"><figure class=\"wp-block-media-text__media\"><img loading=\"lazy\" decoding=\"async\" width=\"916\" height=\"1024\" src=\"https:\/\/chapala.gob.mx\/website\/wp-content\/uploads\/2025\/09\/IMG_6592-916x1024.jpg\" alt=\"\" class=\"wp-image-10849 size-full\" srcset=\"https:\/\/chapala.gob.mx\/website\/wp-content\/uploads\/2025\/09\/IMG_6592-916x1024.jpg 916w, https:\/\/chapala.gob.mx\/website\/wp-content\/uploads\/2025\/09\/IMG_6592-268x300.jpg 268w, https:\/\/chapala.gob.mx\/website\/wp-content\/uploads\/2025\/09\/IMG_6592-768x858.jpg 768w, https:\/\/chapala.gob.mx\/website\/wp-content\/uploads\/2025\/09\/IMG_6592-1374x1536.jpg 1374w, https:\/\/chapala.gob.mx\/website\/wp-content\/uploads\/2025\/09\/IMG_6592-1832x2048.jpg 1832w\" sizes=\"auto, (max-width: 916px) 100vw, 916px\" \/><\/figure><div class=\"wp-block-media-text__content\">\n<p style=\"font-size:19px\"><strong>REGIDORA: L.N. GORETI ELIZABETH GONZ\u00c1LEZ S\u00c1NCHEZ<\/strong><\/p>\n\n\n\n<p><\/p>\n\n\n\n<p>VIII. SALUD E HIGIENE<\/p>\n\n\n\n<p>X. RECURSOS HUMANOS, JUBILADOS Y PENSIONADOS<\/p>\n<\/div><\/div>\n\n\n\n<p><\/p>\n\n\n\n<div class=\"wp-block-media-text is-stacked-on-mobile is-vertically-aligned-top\" style=\"grid-template-columns:25% auto\"><figure class=\"wp-block-media-text__media\"><img loading=\"lazy\" decoding=\"async\" width=\"968\" height=\"1024\" src=\"https:\/\/chapala.gob.mx\/website\/wp-content\/uploads\/2025\/09\/IMG_5575-968x1024.jpg\" alt=\"\" class=\"wp-image-10845 size-full\" srcset=\"https:\/\/chapala.gob.mx\/website\/wp-content\/uploads\/2025\/09\/IMG_5575-968x1024.jpg 968w, https:\/\/chapala.gob.mx\/website\/wp-content\/uploads\/2025\/09\/IMG_5575-284x300.jpg 284w, https:\/\/chapala.gob.mx\/website\/wp-content\/uploads\/2025\/09\/IMG_5575-768x812.jpg 768w, https:\/\/chapala.gob.mx\/website\/wp-content\/uploads\/2025\/09\/IMG_5575-1453x1536.jpg 1453w, https:\/\/chapala.gob.mx\/website\/wp-content\/uploads\/2025\/09\/IMG_5575-1937x2048.jpg 1937w\" sizes=\"auto, (max-width: 968px) 100vw, 968px\" \/><\/figure><div class=\"wp-block-media-text__content\">\n<p style=\"font-size:19px\"><strong>REGIDOR: C. J. JES\u00daS \u00c1LVAREZ RAZO<\/strong><\/p>\n\n\n\n<p><\/p>\n\n\n\n<p>IX. ECOLOGIA Y PROTECCI\u00d3N ANIMAL<\/p>\n\n\n\n<p>XXIV. RASTRO<\/p>\n<\/div><\/div>\n\n\n\n<p><\/p>\n\n\n\n<div class=\"wp-block-media-text is-stacked-on-mobile is-vertically-aligned-top\" style=\"grid-template-columns:25% auto\"><figure class=\"wp-block-media-text__media\"><img loading=\"lazy\" decoding=\"async\" width=\"932\" height=\"1024\" src=\"https:\/\/chapala.gob.mx\/website\/wp-content\/uploads\/2025\/09\/IMG_5574-932x1024.jpg\" alt=\"\" class=\"wp-image-10844 size-full\" srcset=\"https:\/\/chapala.gob.mx\/website\/wp-content\/uploads\/2025\/09\/IMG_5574-932x1024.jpg 932w, https:\/\/chapala.gob.mx\/website\/wp-content\/uploads\/2025\/09\/IMG_5574-273x300.jpg 273w, https:\/\/chapala.gob.mx\/website\/wp-content\/uploads\/2025\/09\/IMG_5574-768x843.jpg 768w, https:\/\/chapala.gob.mx\/website\/wp-content\/uploads\/2025\/09\/IMG_5574-1399x1536.jpg 1399w, https:\/\/chapala.gob.mx\/website\/wp-content\/uploads\/2025\/09\/IMG_5574-1865x2048.jpg 1865w\" sizes=\"auto, (max-width: 932px) 100vw, 932px\" \/><\/figure><div class=\"wp-block-media-text__content\">\n<p style=\"font-size:19px\"><strong>REGIDOR: JOS\u00c9 MANUEL GUTI\u00c9RREZ G\u00c1LVEZ<\/strong><\/p>\n\n\n\n<p><\/p>\n\n\n\n<p>XIII. DESARROLLO RURAL<\/p>\n\n\n\n<p>XIX. PARTICIPACI\u00d3N CIUDADANA<\/p>\n<\/div><\/div>\n\n\n\n<p><\/p>\n\n\n\n<div class=\"wp-block-media-text is-stacked-on-mobile is-vertically-aligned-top\" style=\"grid-template-columns:25% auto\"><figure class=\"wp-block-media-text__media\"><img loading=\"lazy\" decoding=\"async\" width=\"835\" height=\"1024\" src=\"https:\/\/chapala.gob.mx\/website\/wp-content\/uploads\/2025\/09\/IMG_5263-835x1024.jpg\" alt=\"\" class=\"wp-image-10842 size-full\" srcset=\"https:\/\/chapala.gob.mx\/website\/wp-content\/uploads\/2025\/09\/IMG_5263-835x1024.jpg 835w, https:\/\/chapala.gob.mx\/website\/wp-content\/uploads\/2025\/09\/IMG_5263-245x300.jpg 245w, https:\/\/chapala.gob.mx\/website\/wp-content\/uploads\/2025\/09\/IMG_5263-768x942.jpg 768w, https:\/\/chapala.gob.mx\/website\/wp-content\/uploads\/2025\/09\/IMG_5263-1252x1536.jpg 1252w, https:\/\/chapala.gob.mx\/website\/wp-content\/uploads\/2025\/09\/IMG_5263-1670x2048.jpg 1670w\" sizes=\"auto, (max-width: 835px) 100vw, 835px\" \/><\/figure><div class=\"wp-block-media-text__content\">\n<p style=\"font-size:19px\"><strong>REGIDOR: C. RA\u00daL DE LA TORRE PADILLA<\/strong>}<\/p>\n\n\n\n<p><\/p>\n\n\n\n<p>IV. INSPECCI\u00d3N VIGILANCIA Y JUSTICIA<\/p>\n\n\n\n<p>VI. SEGURIDAD P\u00daBLICA, MOVILIDAD URBANA Y PROTECCI\u00d3N CIVIL<\/p>\n<\/div><\/div>\n\n\n\n<p><\/p>\n\n\n\n<div class=\"wp-block-media-text is-stacked-on-mobile is-vertically-aligned-top\" style=\"grid-template-columns:25% auto\"><figure class=\"wp-block-media-text__media\"><img loading=\"lazy\" decoding=\"async\" width=\"952\" height=\"1024\" src=\"https:\/\/chapala.gob.mx\/website\/wp-content\/uploads\/2025\/09\/7-952x1024.jpg\" alt=\"\" class=\"wp-image-10851 size-full\" srcset=\"https:\/\/chapala.gob.mx\/website\/wp-content\/uploads\/2025\/09\/7-952x1024.jpg 952w, https:\/\/chapala.gob.mx\/website\/wp-content\/uploads\/2025\/09\/7-279x300.jpg 279w, https:\/\/chapala.gob.mx\/website\/wp-content\/uploads\/2025\/09\/7-768x826.jpg 768w, https:\/\/chapala.gob.mx\/website\/wp-content\/uploads\/2025\/09\/7-1428x1536.jpg 1428w, https:\/\/chapala.gob.mx\/website\/wp-content\/uploads\/2025\/09\/7-1904x2048.jpg 1904w\" sizes=\"auto, (max-width: 952px) 100vw, 952px\" \/><\/figure><div class=\"wp-block-media-text__content\">\n<p style=\"font-size:19px\"><strong>REGIDOR: ING. GUILLERMO HEREDIA M\u00c1RQUEZ <\/strong><\/p>\n\n\n\n<p><\/p>\n\n\n\n<p>XV. SERVICIOS P\u00daBLICOS<\/p>\n\n\n\n<p>XXI. PUEBLO M\u00c1GICO<\/p>\n<\/div><\/div>\n\n\n\n<p><\/p>\n\n\n\n<div class=\"wp-block-media-text is-stacked-on-mobile is-vertically-aligned-top\" style=\"grid-template-columns:25% auto\"><figure class=\"wp-block-media-text__media\"><img loading=\"lazy\" decoding=\"async\" width=\"949\" height=\"1024\" src=\"https:\/\/chapala.gob.mx\/website\/wp-content\/uploads\/2025\/09\/IMG_0802-949x1024.jpg\" alt=\"\" class=\"wp-image-10837 size-full\" srcset=\"https:\/\/chapala.gob.mx\/website\/wp-content\/uploads\/2025\/09\/IMG_0802-949x1024.jpg 949w, https:\/\/chapala.gob.mx\/website\/wp-content\/uploads\/2025\/09\/IMG_0802-278x300.jpg 278w, https:\/\/chapala.gob.mx\/website\/wp-content\/uploads\/2025\/09\/IMG_0802-768x829.jpg 768w, https:\/\/chapala.gob.mx\/website\/wp-content\/uploads\/2025\/09\/IMG_0802-1423x1536.jpg 1423w, https:\/\/chapala.gob.mx\/website\/wp-content\/uploads\/2025\/09\/IMG_0802-1897x2048.jpg 1897w\" sizes=\"auto, (max-width: 949px) 100vw, 949px\" \/><\/figure><div class=\"wp-block-media-text__content\">\n<p style=\"font-size:19px\"><strong>REGIDORA: KARLA MONSERRAT GARC\u00cdA GARC\u00cdA<\/strong><\/p>\n\n\n\n<p><\/p>\n\n\n\n<p>XII. PROMOCI\u00d3N CULTURA Y TURISMO<\/p>\n\n\n\n<p><\/p>\n\n\n\n<div class=\"wp-block-columns is-layout-flex wp-container-core-columns-is-layout-9d6595d7 wp-block-columns-is-layout-flex\">\n<div class=\"wp-block-column is-layout-flow wp-block-column-is-layout-flow\"><\/div>\n\n\n\n<div class=\"wp-block-column is-layout-flow wp-block-column-is-layout-flow\"><\/div>\n<\/div>\n<\/div><\/div>\n\n\n\n<p class=\"has-text-align-right\"><\/p>\n\n\n\n<div class=\"wp-block-media-text is-stacked-on-mobile is-vertically-aligned-top\" style=\"grid-template-columns:25% auto\"><figure class=\"wp-block-media-text__media\"><img loading=\"lazy\" decoding=\"async\" width=\"1024\" height=\"1012\" src=\"https:\/\/chapala.gob.mx\/website\/wp-content\/uploads\/2025\/09\/IMG_6595-1024x1012.jpg\" alt=\"\" class=\"wp-image-10846 size-full\" srcset=\"https:\/\/chapala.gob.mx\/website\/wp-content\/uploads\/2025\/09\/IMG_6595-1024x1012.jpg 1024w, https:\/\/chapala.gob.mx\/website\/wp-content\/uploads\/2025\/09\/IMG_6595-300x296.jpg 300w, https:\/\/chapala.gob.mx\/website\/wp-content\/uploads\/2025\/09\/IMG_6595-768x759.jpg 768w, https:\/\/chapala.gob.mx\/website\/wp-content\/uploads\/2025\/09\/IMG_6595-1536x1518.jpg 1536w, https:\/\/chapala.gob.mx\/website\/wp-content\/uploads\/2025\/09\/IMG_6595-2048x2023.jpg 2048w\" sizes=\"auto, (max-width: 1024px) 100vw, 1024px\" \/><\/figure><div class=\"wp-block-media-text__content\">\n<p style=\"font-size:19px\"><strong>REGIDORA: YAZMIN ALEJANDRA \u00c1NGEL OROZCO<\/strong><\/p>\n\n\n\n<p><\/p>\n\n\n\n<p>XXII. CALLES Y CALZADAS<\/p>\n<\/div><\/div>\n\n\n\n<p><\/p>\n\n\n\n<div class=\"wp-block-media-text is-stacked-on-mobile is-vertically-aligned-top\" style=\"grid-template-columns:25% auto\"><figure class=\"wp-block-media-text__media\"><img loading=\"lazy\" decoding=\"async\" width=\"926\" height=\"1024\" src=\"https:\/\/chapala.gob.mx\/website\/wp-content\/uploads\/2025\/09\/IMG_6599-926x1024.jpg\" alt=\"\" class=\"wp-image-10847 size-full\" srcset=\"https:\/\/chapala.gob.mx\/website\/wp-content\/uploads\/2025\/09\/IMG_6599-926x1024.jpg 926w, https:\/\/chapala.gob.mx\/website\/wp-content\/uploads\/2025\/09\/IMG_6599-271x300.jpg 271w, https:\/\/chapala.gob.mx\/website\/wp-content\/uploads\/2025\/09\/IMG_6599-768x849.jpg 768w, https:\/\/chapala.gob.mx\/website\/wp-content\/uploads\/2025\/09\/IMG_6599-1389x1536.jpg 1389w, https:\/\/chapala.gob.mx\/website\/wp-content\/uploads\/2025\/09\/IMG_6599-1852x2048.jpg 1852w\" sizes=\"auto, (max-width: 926px) 100vw, 926px\" \/><\/figure><div class=\"wp-block-media-text__content\">\n<p style=\"font-size:19px\"><strong>REGIDOR: LIC. CELSO NAVA ALDANA<\/strong><\/p>\n\n\n\n<p><\/p>\n\n\n\n<p>XXV. CEMENTERIOS <\/p>\n\n\n\n<p><\/p>\n\n\n\n<p><\/p>\n<\/div><\/div>\n\n\n\n<p><\/p>\n\n\n\n<div class=\"wp-block-media-text is-stacked-on-mobile is-vertically-aligned-top\" style=\"grid-template-columns:25% auto\"><figure class=\"wp-block-media-text__media\"><img loading=\"lazy\" decoding=\"async\" width=\"1020\" height=\"1024\" src=\"https:\/\/chapala.gob.mx\/website\/wp-content\/uploads\/2025\/09\/IMG_6849-1020x1024.jpg\" alt=\"\" class=\"wp-image-10848 size-full\" srcset=\"https:\/\/chapala.gob.mx\/website\/wp-content\/uploads\/2025\/09\/IMG_6849-1020x1024.jpg 1020w, https:\/\/chapala.gob.mx\/website\/wp-content\/uploads\/2025\/09\/IMG_6849-300x300.jpg 300w, https:\/\/chapala.gob.mx\/website\/wp-content\/uploads\/2025\/09\/IMG_6849-150x150.jpg 150w, https:\/\/chapala.gob.mx\/website\/wp-content\/uploads\/2025\/09\/IMG_6849-768x771.jpg 768w, https:\/\/chapala.gob.mx\/website\/wp-content\/uploads\/2025\/09\/IMG_6849-1531x1536.jpg 1531w, https:\/\/chapala.gob.mx\/website\/wp-content\/uploads\/2025\/09\/IMG_6849-2041x2048.jpg 2041w, https:\/\/chapala.gob.mx\/website\/wp-content\/uploads\/2025\/09\/IMG_6849-250x250.jpg 250w\" sizes=\"auto, (max-width: 1020px) 100vw, 1020px\" \/><\/figure><div class=\"wp-block-media-text__content\">\n<p style=\"font-size:19px\"><strong>REGIDOR: C. JUAN DE DIOS GARC\u00cdA VELASCO <\/strong><\/p>\n\n\n\n<p><\/p>\n\n\n\n<p>XVIII. MEJORAMIENTO DE LA FUNCI\u00d3N P\u00daBLICA Y GOBIERNO ELECTR\u00d3NICO<\/p>\n<\/div><\/div>\n\n\n\n<p><\/p>\n\n\n\n<p><\/p>\n","protected":false},"excerpt":{"rendered":"<p>REGIDORA : LIC. MAR\u00cdA EUGENIA OCHOA REAL VII. DESARROLLO SOCIAL Y HUMANO XI. EDUCACI\u00d3N REGIDORA : LIC. ANDREA PATRICIA M\u00c1RQUEZ PINEDA XVII. JUVENTUD Y DEPORTES XX. TRANSPARENCIA Y ACCESO A &#8230;<\/p>\n","protected":false},"author":3,"featured_media":0,"parent":0,"menu_order":0,"comment_status":"closed","ping_status":"closed","template":"","meta":{"footnotes":""},"class_list":["post-10624","page","type-page","status-publish","hentry"],"_links":{"self":[{"href":"https:\/\/chapala.gob.mx\/website\/index.php\/wp-json\/wp\/v2\/pages\/10624","targetHints":{"allow":["GET"]}}],"collection":[{"href":"https:\/\/chapala.gob.mx\/website\/index.php\/wp-json\/wp\/v2\/pages"}],"about":[{"href":"https:\/\/chapala.gob.mx\/website\/index.php\/wp-json\/wp\/v2\/types\/page"}],"author":[{"embeddable":true,"href":"https:\/\/chapala.gob.mx\/website\/index.php\/wp-json\/wp\/v2\/users\/3"}],"replies":[{"embeddable":true,"href":"https:\/\/chapala.gob.mx\/website\/index.php\/wp-json\/wp\/v2\/comments?post=10624"}],"version-history":[{"count":34,"href":"https:\/\/chapala.gob.mx\/website\/index.php\/wp-json\/wp\/v2\/pages\/10624\/revisions"}],"predecessor-version":[{"id":10885,"href":"https:\/\/chapala.gob.mx\/website\/index.php\/wp-json\/wp\/v2\/pages\/10624\/revisions\/10885"}],"wp:attachment":[{"href":"https:\/\/chapala.gob.mx\/website\/index.php\/wp-json\/wp\/v2\/media?parent=10624"}],"curies":[{"name":"wp","href":"https:\/\/api.w.org\/{rel}","templated":true}]}}